{"id":1163,"date":"2024-11-05T00:06:33","date_gmt":"2024-11-05T00:06:33","guid":{"rendered":"https:\/\/provipcard.com\/?page_id=1163"},"modified":"2024-11-06T23:40:30","modified_gmt":"2024-11-06T23:40:30","slug":"terminos-y-condiciones","status":"publish","type":"page","link":"https:\/\/provipcard.com\/es\/terminos-y-condiciones\/","title":{"rendered":"Terminos y condiciones"},"content":{"rendered":"\n<p><em>Al comprar un art\u00edculo, aceptas que: (1) eres responsable de leer la lista completa del art\u00edculo antes de comprometerte a comprarlo: (2) firmas un contrato vinculante para comprar un art\u00edculo cuando te comprometes a comprar un art\u00edculo y completas el proceso de pago al finalizar la compra.<br><br>Los precios que cobramos por usar nuestros servicios \/ por nuestros productos se enumeran en el sitio web. Nos reservamos el derecho de cambiar los precios de los nuestros productos que se muestran en cualquier momento y de corregir los errores de precios que puedan ocurrir inadvertidamente. La informaci\u00f3n adicional sobre precios e impuestos sobre las ventas est\u00e1 disponible en la p\u00e1gina de pagos.<br><br>\u201cLa tarifa por los servicios y cualquier otro cargo en el que puedas incurrir en relaci\u00f3n con el uso del servicio, como los impuestos y las posibles tarifas de transacci\u00f3n, estar\u00e1n ubicadas en el total y se estar\u00e1n cobrando anualmente a tu m\u00e9todo de pago, excepto en la Unlimit, que es un solo pago.<\/em><br><br><em>En el caso de un rembolso, todos los productos no tienen o cuentan con un rembolso<\/em><br><br><em>Ademas, podemos, sin previo aviso, cambiar los servicios; dejar de proporcionar los servicios o cualquier funci\u00f3n de los servicios que ofrecemos; o crear l\u00edmites para los servicios. Podemos terminar o suspender el acceso a los servicios de forma permanente o temporal sin previo aviso ni responsabilidad por cualquier motivo, o sin motivo alguno si usted le da una mala utilidad y utiliza sus servicios para estafar, enga\u00f1ar y no como establece los t\u00e9rminos y condiciones.<\/em><br><br><em>El Servicio y todos los materiales en contenido o transferidos por el mismo, incluidos, entre otros, el software, las im\u00e1genes, el texto, los gr\u00e1ficos, los logotipos, las patentes, las marcas comerciales, las marcas de servicio, los derechos de autor, las fotograf\u00edas, el audio, los videos, la m\u00fasica y todos los derechos de propiedad intelectual relacionados con los mismos, son la propiedad exclusiva de ProVipCard.com. No obstante, a menos que se haya establecido una licencia en estos t\u00e9rminos, no se considerar\u00e1 que creas una licencia en o bajo dichos Derechos de propiedad intelectual, y te comprometes a no vender, licenciar, alquilar, modificar, distribuir, reproducir, transmitir, editar, editar, crear o crear trabajos derivados de ellos.<\/em><br><br><em>Reconoces y aceptas que al subir cualquier contenido (incluidos, entre otros, dise\u00f1os, im\u00e1genes, animaciones, videos, archivos de audio, fuentes, logotipos, ilustraciones, composiciones, obras de arte, interfaces, texto y obras literarias) a trav\u00e9s de cualquier medio al sitio web, confirmas que eres el propietario de todos los derechos relevantes o que recibiste la licencia correspondiente para subir \/ transferir \/ enviar el contenido. Aceptas y brindas tu consentimiento para que el contenido cargado \/ transferido se muestre p\u00fablicamente en el sitio web.<\/em><br><br><em>Podemos terminar o suspender de manera permanente o temporal tu acceso al servicio sin previo aviso y sin responsabilidad por cualquier motivo, incluso si, a nuestro criterio exclusivo, has violado cualquier disposici\u00f3n de estos T\u00e9rminos o cualquier ley o reglamento aplicable. Puedes dejar de usar y solicitar la cancelaci\u00f3n de tu cuenta y \/ o cualquier servicio en cualquier momento. No obstante cualquier disposici\u00f3n en contrario en lo anterior, con respecto a las suscripciones a servicios de pago renovadas autom\u00e1ticamente, dichas suscripciones se interrumpir\u00e1n solo al vencimiento del periodo correspondiente para el que ya has realizado el pago.<\/em><br><br>E<em>n la medida m\u00e1xima permitida por la ley aplicable, [el propietario del sitio web] no asume ninguna responsabilidad por cualquier (1) error, error o inexactitud del contenido; (2) lesiones personales o da\u00f1os a la propiedad, de cualquier naturaleza, como resultado de su acceso o uso de nuestro servicio; y (3) cualquier acceso no autorizado o uso de nuestros servidores seguros y \/ o toda la informaci\u00f3n personal almacenada en ellos.<\/em><br><br><em>Nos reservamos el derecho de modificar estos t\u00e9rminos ocasionalmente a nuestro exclusivo criterio. Por lo tanto, debes revisar esta p\u00e1gina peri\u00f3dicamente. Cuando cambiamos los T\u00e9rminos de manera material, te notificaremos que se han realizado cambios materiales en los T\u00e9rminos. El uso continuado del sitio web o de nuestro servicio despu\u00e9s de cualquier cambio de este tipo constituye su aceptaci\u00f3n de los nuevos T\u00e9rminos. Si no est\u00e1s de acuerdo con alguno de estos t\u00e9rminos o cualquier versi\u00f3n futura de los T\u00e9rminos, no utilices ni accedas (o contin\u00faes accediendo) al sitio web o al servicio.<\/em><br><br><em>Aceptas recibir ocasionalmente mensajes y materiales promoci\u00f3nales de nuestra parte, por correo, email o cualquier otro formulario de contacto que puedas proporcionarnos (incluido tu n\u00famero de tel\u00e9fono para llamadas o mensajes de texto). Si no deseas recibir este tipo de materiales promoci\u00f3nales o notificaciones, notif\u00edcanos en cualquier momento.\u00a0<\/em><br><br>Actualizado Nov\/5\/2024<br><br>Una vez le\u00eddo, puede cerrar esta pagina.<\/p>\n","protected":false},"excerpt":{"rendered":"<p>Al comprar un art\u00edculo, aceptas que: (1) eres responsable de leer la lista completa del art\u00edculo antes de comprometerte a comprarlo: (2) firmas un contrato vinculante para comprar un art\u00edculo cuando te comprometes a comprar un art\u00edculo y completas el proceso de pago al finalizar la compra. Los precios que cobramos por usar nuestros servicios [&hellip;]<\/p>\n","protected":false},"author":1,"featured_media":0,"parent":0,"menu_order":0,"comment_status":"closed","ping_status":"closed","template":"","meta":{"site-sidebar-layout":"default","site-content-layout":"","ast-site-content-layout":"default","site-content-style":"default","site-sidebar-style":"default","ast-global-header-display":"","ast-banner-title-visibility":"","ast-main-header-display":"","ast-hfb-above-header-display":"","ast-hfb-below-header-display":"","ast-hfb-mobile-header-display":"","site-post-title":"","ast-breadcrumbs-content":"","ast-featured-img":"","footer-sml-layout":"","ast-disable-related-posts":"","theme-transparent-header-meta":"","adv-header-id-meta":"","stick-header-meta":"","header-above-stick-meta":"","header-main-stick-meta":"","header-below-stick-meta":"","astra-migrate-meta-layouts":"set","ast-page-background-enabled":"default","ast-page-background-meta":{"desktop":{"background-color":"","background-image":"","background-repeat":"repeat","background-position":"center center","background-size":"auto","background-attachment":"scroll","background-type":"","background-media":"","overlay-type":"","overlay-color":"","overlay-opacity":"","overlay-gradient":""},"tablet":{"background-color":"","background-image":"","background-repeat":"repeat","background-position":"center center","background-size":"auto","background-attachment":"scroll","background-type":"","background-media":"","overlay-type":"","overlay-color":"","overlay-opacity":"","overlay-gradient":""},"mobile":{"background-color":"","background-image":"","background-repeat":"repeat","background-position":"center center","background-size":"auto","background-attachment":"scroll","background-type":"","background-media":"","overlay-type":"","overlay-color":"","overlay-opacity":"","overlay-gradient":""}},"ast-content-background-meta":{"desktop":{"background-color":"var(--ast-global-color-5)","background-image":"","background-repeat":"repeat","background-position":"center center","background-size":"auto","background-attachment":"scroll","background-type":"","background-media":"","overlay-type":"","overlay-color":"","overlay-opacity":"","overlay-gradient":""},"tablet":{"background-color":"var(--ast-global-color-5)","background-image":"","background-repeat":"repeat","background-position":"center center","background-size":"auto","background-attachment":"scroll","background-type":"","background-media":"","overlay-type":"","overlay-color":"","overlay-opacity":"","overlay-gradient":""},"mobile":{"background-color":"var(--ast-global-color-5)","background-image":"","background-repeat":"repeat","background-position":"center center","background-size":"auto","background-attachment":"scroll","background-type":"","background-media":"","overlay-type":"","overlay-color":"","overlay-opacity":"","overlay-gradient":""}},"footnotes":""},"class_list":["post-1163","page","type-page","status-publish","hentry"],"yoast_head":"<!-- This site is optimized with the Yoast SEO Premium plugin v22.1 (Yoast SEO v27.3) - https:\/\/yoast.com\/product\/yoast-seo-premium-wordpress\/ -->\n<title>Terminos y condiciones - Pro Vip Card -<\/title>\n<meta name=\"robots\" content=\"index, follow, max-snippet:-1, max-image-preview:large, max-video-preview:-1\" \/>\n<link rel=\"canonical\" href=\"https:\/\/provipcard.com\/es\/terminos-y-condiciones\/\" \/>\n<meta property=\"og:locale\" content=\"es_ES\" \/>\n<meta property=\"og:type\" content=\"article\" \/>\n<meta property=\"og:title\" content=\"Terminos y condiciones\" \/>\n<meta property=\"og:description\" content=\"Al comprar un art\u00edculo, aceptas que: (1) eres responsable de leer la lista completa del art\u00edculo antes de comprometerte a comprarlo: (2) firmas un contrato vinculante para comprar un art\u00edculo cuando te comprometes a comprar un art\u00edculo y completas el proceso de pago al finalizar la compra. Los precios que cobramos por usar nuestros servicios [&hellip;]\" \/>\n<meta property=\"og:url\" content=\"https:\/\/provipcard.com\/es\/terminos-y-condiciones\/\" \/>\n<meta property=\"og:site_name\" content=\"Pro Vip Card -\" \/>\n<meta property=\"article:modified_time\" content=\"2024-11-06T23:40:30+00:00\" \/>\n<meta name=\"twitter:card\" content=\"summary_large_image\" \/>\n<meta name=\"twitter:label1\" content=\"Est. reading time\" \/>\n\t<meta name=\"twitter:data1\" content=\"4 minutes\" \/>\n<script type=\"application\/ld+json\" class=\"yoast-schema-graph\">{\"@context\":\"https:\\\/\\\/schema.org\",\"@graph\":[{\"@type\":\"WebPage\",\"@id\":\"https:\\\/\\\/provipcard.com\\\/terminos-y-condiciones\\\/\",\"url\":\"https:\\\/\\\/provipcard.com\\\/terminos-y-condiciones\\\/\",\"name\":\"Terminos y condiciones - Pro Vip Card -\",\"isPartOf\":{\"@id\":\"https:\\\/\\\/provipcard.com\\\/#website\"},\"datePublished\":\"2024-11-05T00:06:33+00:00\",\"dateModified\":\"2024-11-06T23:40:30+00:00\",\"breadcrumb\":{\"@id\":\"https:\\\/\\\/provipcard.com\\\/terminos-y-condiciones\\\/#breadcrumb\"},\"inLanguage\":\"es-VE\",\"potentialAction\":[{\"@type\":\"ReadAction\",\"target\":[\"https:\\\/\\\/provipcard.com\\\/terminos-y-condiciones\\\/\"]}]},{\"@type\":\"BreadcrumbList\",\"@id\":\"https:\\\/\\\/provipcard.com\\\/terminos-y-condiciones\\\/#breadcrumb\",\"itemListElement\":[{\"@type\":\"ListItem\",\"position\":1,\"name\":\"Home\",\"item\":\"https:\\\/\\\/provipcard.com\\\/\"},{\"@type\":\"ListItem\",\"position\":2,\"name\":\"Terminos y condiciones\"}]},{\"@type\":\"WebSite\",\"@id\":\"https:\\\/\\\/provipcard.com\\\/#website\",\"url\":\"https:\\\/\\\/provipcard.com\\\/\",\"name\":\"Pro Vip Card\",\"description\":\"Card Design VCF\",\"potentialAction\":[{\"@type\":\"SearchAction\",\"target\":{\"@type\":\"EntryPoint\",\"urlTemplate\":\"https:\\\/\\\/provipcard.com\\\/?s={search_term_string}\"},\"query-input\":{\"@type\":\"PropertyValueSpecification\",\"valueRequired\":true,\"valueName\":\"search_term_string\"}}],\"inLanguage\":\"es-VE\"}]}<\/script>\n<!-- \/ Yoast SEO Premium plugin. -->","yoast_head_json":{"title":"Terminos y condiciones - Pro Vip Card -","robots":{"index":"index","follow":"follow","max-snippet":"max-snippet:-1","max-image-preview":"max-image-preview:large","max-video-preview":"max-video-preview:-1"},"canonical":"https:\/\/provipcard.com\/es\/terminos-y-condiciones\/","og_locale":"es_ES","og_type":"article","og_title":"Terminos y condiciones","og_description":"Al comprar un art\u00edculo, aceptas que: (1) eres responsable de leer la lista completa del art\u00edculo antes de comprometerte a comprarlo: (2) firmas un contrato vinculante para comprar un art\u00edculo cuando te comprometes a comprar un art\u00edculo y completas el proceso de pago al finalizar la compra. Los precios que cobramos por usar nuestros servicios [&hellip;]","og_url":"https:\/\/provipcard.com\/es\/terminos-y-condiciones\/","og_site_name":"Pro Vip Card -","article_modified_time":"2024-11-06T23:40:30+00:00","twitter_card":"summary_large_image","twitter_misc":{"Est. reading time":"4 minutes"},"schema":{"@context":"https:\/\/schema.org","@graph":[{"@type":"WebPage","@id":"https:\/\/provipcard.com\/terminos-y-condiciones\/","url":"https:\/\/provipcard.com\/terminos-y-condiciones\/","name":"Terminos y condiciones - Pro Vip Card -","isPartOf":{"@id":"https:\/\/provipcard.com\/#website"},"datePublished":"2024-11-05T00:06:33+00:00","dateModified":"2024-11-06T23:40:30+00:00","breadcrumb":{"@id":"https:\/\/provipcard.com\/terminos-y-condiciones\/#breadcrumb"},"inLanguage":"es-VE","potentialAction":[{"@type":"ReadAction","target":["https:\/\/provipcard.com\/terminos-y-condiciones\/"]}]},{"@type":"BreadcrumbList","@id":"https:\/\/provipcard.com\/terminos-y-condiciones\/#breadcrumb","itemListElement":[{"@type":"ListItem","position":1,"name":"Home","item":"https:\/\/provipcard.com\/"},{"@type":"ListItem","position":2,"name":"Terminos y condiciones"}]},{"@type":"WebSite","@id":"https:\/\/provipcard.com\/#website","url":"https:\/\/provipcard.com\/","name":"Pro Vip Card","description":"Card Design VCF","potentialAction":[{"@type":"SearchAction","target":{"@type":"EntryPoint","urlTemplate":"https:\/\/provipcard.com\/?s={search_term_string}"},"query-input":{"@type":"PropertyValueSpecification","valueRequired":true,"valueName":"search_term_string"}}],"inLanguage":"es-VE"}]}},"_links":{"self":[{"href":"https:\/\/provipcard.com\/es\/wp-json\/wp\/v2\/pages\/1163","targetHints":{"allow":["GET"]}}],"collection":[{"href":"https:\/\/provipcard.com\/es\/wp-json\/wp\/v2\/pages"}],"about":[{"href":"https:\/\/provipcard.com\/es\/wp-json\/wp\/v2\/types\/page"}],"author":[{"embeddable":true,"href":"https:\/\/provipcard.com\/es\/wp-json\/wp\/v2\/users\/1"}],"replies":[{"embeddable":true,"href":"https:\/\/provipcard.com\/es\/wp-json\/wp\/v2\/comments?post=1163"}],"version-history":[{"count":2,"href":"https:\/\/provipcard.com\/es\/wp-json\/wp\/v2\/pages\/1163\/revisions"}],"predecessor-version":[{"id":1168,"href":"https:\/\/provipcard.com\/es\/wp-json\/wp\/v2\/pages\/1163\/revisions\/1168"}],"wp:attachment":[{"href":"https:\/\/provipcard.com\/es\/wp-json\/wp\/v2\/media?parent=1163"}],"curies":[{"name":"wp","href":"https:\/\/api.w.org\/{rel}","templated":true}]}}