{"id":1080,"date":"2024-10-01T23:56:42","date_gmt":"2024-10-01T23:56:42","guid":{"rendered":"https:\/\/provipcard.com\/?page_id=1080"},"modified":"2024-11-18T15:09:06","modified_gmt":"2024-11-18T15:09:06","slug":"davidsa","status":"publish","type":"page","link":"https:\/\/provipcard.com\/es\/davidsa\/","title":{"rendered":"David &#8211; SA"},"content":{"rendered":"<div data-elementor-type=\"wp-page\" data-elementor-id=\"1080\" class=\"elementor elementor-1080\" data-elementor-post-type=\"page\">\n\t\t\t\t<div class=\"elementor-element elementor-element-4507ffb e-flex e-con-boxed e-con e-parent\" data-id=\"4507ffb\" data-element_type=\"container\" data-e-type=\"container\">\n\t\t\t\t\t<div class=\"e-con-inner\">\n\t\t<div class=\"elementor-element elementor-element-c4c7f03 e-con-full e-flex e-con e-child\" data-id=\"c4c7f03\" data-element_type=\"container\" data-e-type=\"container\">\n\t\t\t\t<div class=\"elementor-element elementor-element-688fdc8 elementor-widget elementor-widget-image\" data-id=\"688fdc8\" data-element_type=\"widget\" data-e-type=\"widget\" data-widget_type=\"image.default\">\n\t\t\t\t<div class=\"elementor-widget-container\">\n\t\t\t\t\t\t\t\t\t\t\t\t\t\t\t<img fetchpriority=\"high\" decoding=\"async\" width=\"300\" height=\"169\" src=\"https:\/\/provipcard.com\/wp-content\/uploads\/2024\/08\/SnowARCS-NEWArts-complete-pattern11-300x169.png\" class=\"attachment-medium size-medium wp-image-346\" alt=\"\" srcset=\"https:\/\/provipcard.com\/wp-content\/uploads\/2024\/08\/SnowARCS-NEWArts-complete-pattern11-300x169.png 300w, https:\/\/provipcard.com\/wp-content\/uploads\/2024\/08\/SnowARCS-NEWArts-complete-pattern11-1024x576.png 1024w, https:\/\/provipcard.com\/wp-content\/uploads\/2024\/08\/SnowARCS-NEWArts-complete-pattern11-768x432.png 768w, https:\/\/provipcard.com\/wp-content\/uploads\/2024\/08\/SnowARCS-NEWArts-complete-pattern11.png 1280w\" sizes=\"(max-width: 300px) 100vw, 300px\" \/>\t\t\t\t\t\t\t\t\t\t\t\t\t\t\t<\/div>\n\t\t\t\t<\/div>\n\t\t\t\t<\/div>\n\t\t\t\t\t<\/div>\n\t\t\t\t<\/div>\n\t\t<div class=\"elementor-element elementor-element-6505806 e-flex e-con-boxed e-con e-parent\" data-id=\"6505806\" data-element_type=\"container\" data-e-type=\"container\">\n\t\t\t\t\t<div class=\"e-con-inner\">\n\t\t<div class=\"elementor-element elementor-element-3b6e64d e-con-full e-flex e-con e-child\" data-id=\"3b6e64d\" data-element_type=\"container\" data-e-type=\"container\">\n\t\t<div class=\"elementor-element elementor-element-472a40f e-con-full e-flex e-con e-child\" data-id=\"472a40f\" data-element_type=\"container\" data-e-type=\"container\">\n\t\t\t\t<div class=\"elementor-element elementor-element-4aec3b4 elementor-widget elementor-widget-text-editor\" data-id=\"4aec3b4\" data-element_type=\"widget\" data-e-type=\"widget\" data-widget_type=\"text-editor.default\">\n\t\t\t\t<div class=\"elementor-widget-container\">\n\t\t\t\t\t\t\t\t\t<h3 style=\"text-align: center;\"><span style=\"color: #000000;\"><strong>David Balzac<\/strong><br \/><strong><em>Tech. de Aire Acondicionado y Refrigeraci\u00f3n<\/em><\/strong><br \/><\/span><\/h3>\t\t\t\t\t\t\t\t<\/div>\n\t\t\t\t<\/div>\n\t\t\t\t<\/div>\n\t\t\t\t<\/div>\n\t\t\t\t\t<\/div>\n\t\t\t\t<\/div>\n\t\t<div class=\"elementor-element elementor-element-63f4288 e-flex e-con-boxed e-con e-parent\" data-id=\"63f4288\" data-element_type=\"container\" data-e-type=\"container\">\n\t\t\t\t\t<div class=\"e-con-inner\">\n\t\t<div class=\"elementor-element elementor-element-10138ba e-grid e-con-boxed e-con e-child\" data-id=\"10138ba\" data-element_type=\"container\" data-e-type=\"container\">\n\t\t\t\t\t<div class=\"e-con-inner\">\n\t\t<div class=\"elementor-element elementor-element-2af0289 e-flex e-con-boxed e-con e-child\" data-id=\"2af0289\" data-element_type=\"container\" data-e-type=\"container\">\n\t\t\t\t\t<div class=\"e-con-inner\">\n\t\t\t\t<div class=\"elementor-element elementor-element-ef9b8f2 elementor-button-info elementor-align-center elementor-widget__width-auto elementor-invisible elementor-widget elementor-widget-button\" data-id=\"ef9b8f2\" data-element_type=\"widget\" data-e-type=\"widget\" data-settings=\"{&quot;_animation&quot;:&quot;fadeInUp&quot;}\" data-widget_type=\"button.default\">\n\t\t\t\t<div class=\"elementor-widget-container\">\n\t\t\t\t\t\t\t\t\t<div class=\"elementor-button-wrapper\">\n\t\t\t\t\t<a class=\"elementor-button elementor-button-link elementor-size-sm\" href=\"https:\/\/provipcard.com\/vcf\/davidsa.vcf\">\n\t\t\t\t\t\t<span class=\"elementor-button-content-wrapper\">\n\t\t\t\t\t\t<span class=\"elementor-button-icon\">\n\t\t\t\t<svg aria-hidden=\"true\" class=\"e-font-icon-svg e-far-address-card\" viewbox=\"0 0 576 512\" xmlns=\"http:\/\/www.w3.org\/2000\/svg\"><path d=\"M528 32H48C21.5 32 0 53.5 0 80v352c0 26.5 21.5 48 48 48h480c26.5 0 48-21.5 48-48V80c0-26.5-21.5-48-48-48zm0 400H48V80h480v352zM208 256c35.3 0 64-28.7 64-64s-28.7-64-64-64-64 28.7-64 64 28.7 64 64 64zm-89.6 128h179.2c12.4 0 22.4-8.6 22.4-19.2v-19.2c0-31.8-30.1-57.6-67.2-57.6-10.8 0-18.7 8-44.8 8-26.9 0-33.4-8-44.8-8-37.1 0-67.2 25.8-67.2 57.6v19.2c0 10.6 10 19.2 22.4 19.2zM360 320h112c4.4 0 8-3.6 8-8v-16c0-4.4-3.6-8-8-8H360c-4.4 0-8 3.6-8 8v16c0 4.4 3.6 8 8 8zm0-64h112c4.4 0 8-3.6 8-8v-16c0-4.4-3.6-8-8-8H360c-4.4 0-8 3.6-8 8v16c0 4.4 3.6 8 8 8zm0-64h112c4.4 0 8-3.6 8-8v-16c0-4.4-3.6-8-8-8H360c-4.4 0-8 3.6-8 8v16c0 4.4 3.6 8 8 8z\"><\/path><\/svg>\t\t\t<\/span>\n\t\t\t\t\t\t\t\t\t<span class=\"elementor-button-text\">Save contact<\/span>\n\t\t\t\t\t<\/span>\n\t\t\t\t\t<\/a>\n\t\t\t\t<\/div>\n\t\t\t\t\t\t\t\t<\/div>\n\t\t\t\t<\/div>\n\t\t\t\t<div class=\"elementor-element elementor-element-18cd541 elementor-widget elementor-widget-heading\" data-id=\"18cd541\" data-element_type=\"widget\" data-e-type=\"widget\" data-widget_type=\"heading.default\">\n\t\t\t\t<div class=\"elementor-widget-container\">\n\t\t\t\t\t<h6 class=\"elementor-heading-title elementor-size-default\">Gu\u00e1rdame en sus contacto y as\u00ed poder dialogar alg\u00fan trabajo futuro.<\/h6>\t\t\t\t<\/div>\n\t\t\t\t<\/div>\n\t\t\t\t\t<\/div>\n\t\t\t\t<\/div>\n\t\t<div class=\"elementor-element elementor-element-dbbe97b e-flex e-con-boxed e-con e-child\" data-id=\"dbbe97b\" data-element_type=\"container\" data-e-type=\"container\">\n\t\t\t\t\t<div class=\"e-con-inner\">\n\t\t\t\t<div class=\"elementor-element elementor-element-67bdb85 elementor-align-center elementor-button-info elementor-invisible elementor-widget elementor-widget-button\" data-id=\"67bdb85\" data-element_type=\"widget\" data-e-type=\"widget\" data-settings=\"{&quot;_animation&quot;:&quot;slideInDown&quot;}\" data-widget_type=\"button.default\">\n\t\t\t\t<div class=\"elementor-widget-container\">\n\t\t\t\t\t\t\t\t\t<div class=\"elementor-button-wrapper\">\n\t\t\t\t\t<a class=\"elementor-button elementor-button-link elementor-size-sm\" href=\"https:\/\/wa.link\/p2eenw\" target=\"_blank\">\n\t\t\t\t\t\t<span class=\"elementor-button-content-wrapper\">\n\t\t\t\t\t\t<span class=\"elementor-button-icon\">\n\t\t\t\t<svg aria-hidden=\"true\" class=\"e-font-icon-svg e-fab-whatsapp\" viewbox=\"0 0 448 512\" xmlns=\"http:\/\/www.w3.org\/2000\/svg\"><path d=\"M380.9 97.1C339 55.1 283.2 32 223.9 32c-122.4 0-222 99.6-222 222 0 39.1 10.2 77.3 29.6 111L0 480l117.7-30.9c32.4 17.7 68.9 27 106.1 27h.1c122.3 0 224.1-99.6 224.1-222 0-59.3-25.2-115-67.1-157zm-157 341.6c-33.2 0-65.7-8.9-94-25.7l-6.7-4-69.8 18.3L72 359.2l-4.4-7c-18.5-29.4-28.2-63.3-28.2-98.2 0-101.7 82.8-184.5 184.6-184.5 49.3 0 95.6 19.2 130.4 54.1 34.8 34.9 56.2 81.2 56.1 130.5 0 101.8-84.9 184.6-186.6 184.6zm101.2-138.2c-5.5-2.8-32.8-16.2-37.9-18-5.1-1.9-8.8-2.8-12.5 2.8-3.7 5.6-14.3 18-17.6 21.8-3.2 3.7-6.5 4.2-12 1.4-32.6-16.3-54-29.1-75.5-66-5.7-9.8 5.7-9.1 16.3-30.3 1.8-3.7.9-6.9-.5-9.7-1.4-2.8-12.5-30.1-17.1-41.2-4.5-10.8-9.1-9.3-12.5-9.5-3.2-.2-6.9-.2-10.6-.2-3.7 0-9.7 1.4-14.8 6.9-5.1 5.6-19.4 19-19.4 46.3 0 27.3 19.9 53.7 22.6 57.4 2.8 3.7 39.1 59.7 94.8 83.8 35.2 15.2 49 16.5 66.6 13.9 10.7-1.6 32.8-13.4 37.4-26.4 4.6-13 4.6-24.1 3.2-26.4-1.3-2.5-5-3.9-10.5-6.6z\"><\/path><\/svg>\t\t\t<\/span>\n\t\t\t\t\t\t\t\t\t<span class=\"elementor-button-text\">WhatsApp<\/span>\n\t\t\t\t\t<\/span>\n\t\t\t\t\t<\/a>\n\t\t\t\t<\/div>\n\t\t\t\t\t\t\t\t<\/div>\n\t\t\t\t<\/div>\n\t\t\t\t<div class=\"elementor-element elementor-element-693acc6 elementor-widget elementor-widget-heading\" data-id=\"693acc6\" data-element_type=\"widget\" data-e-type=\"widget\" data-widget_type=\"heading.default\">\n\t\t\t\t<div class=\"elementor-widget-container\">\n\t\t\t\t\t<h6 class=\"elementor-heading-title elementor-size-default\">\u00bfNecesitas alguna cita de inmediato? Ponte en contacto en seguida!<\/h6>\t\t\t\t<\/div>\n\t\t\t\t<\/div>\n\t\t\t\t\t<\/div>\n\t\t\t\t<\/div>\n\t\t\t\t\t<\/div>\n\t\t\t\t<\/div>\n\t\t\t\t\t<\/div>\n\t\t\t\t<\/div>\n\t\t<div class=\"elementor-element elementor-element-ed02a12 e-flex e-con-boxed e-con e-parent\" data-id=\"ed02a12\" data-element_type=\"container\" data-e-type=\"container\">\n\t\t\t\t\t<div class=\"e-con-inner\">\n\t\t<div class=\"elementor-element elementor-element-aa85b50 e-con-full e-flex e-con e-child\" data-id=\"aa85b50\" data-element_type=\"container\" data-e-type=\"container\">\n\t\t<div class=\"elementor-element elementor-element-01edbdc e-con-full e-flex e-con e-child\" data-id=\"01edbdc\" data-element_type=\"container\" data-e-type=\"container\">\n\t\t\t\t<div class=\"elementor-element elementor-element-d2a9144 elementor-widget__width-auto elementor-invisible elementor-widget elementor-widget-heading\" data-id=\"d2a9144\" data-element_type=\"widget\" data-e-type=\"widget\" data-settings=\"{&quot;_animation&quot;:&quot;fadeIn&quot;}\" data-widget_type=\"heading.default\">\n\t\t\t\t<div class=\"elementor-widget-container\">\n\t\t\t\t\t<h5 class=\"elementor-heading-title elementor-size-default\">About me<\/h5>\t\t\t\t<\/div>\n\t\t\t\t<\/div>\n\t\t\t\t<div class=\"elementor-element elementor-element-2c596f7 elementor-widget elementor-widget-text-editor\" data-id=\"2c596f7\" data-element_type=\"widget\" data-e-type=\"widget\" data-widget_type=\"text-editor.default\">\n\t\t\t\t<div class=\"elementor-widget-container\">\n\t\t\t\t\t\t\t\t\t<h6 style=\"text-align: center;\"><span style=\"color: #000000;\">Establecer buenas relaciones con clientes atrav\u00e9z de un servicio de excelencia y profesionalismo.<\/span><br \/><br \/><span style=\"color: #000000;\">Busco ser la alternativa numero uno para las necesidades de refrigeraci\u00f3n y aire acondicionado en la isla.<\/span><\/h6>\t\t\t\t\t\t\t\t<\/div>\n\t\t\t\t<\/div>\n\t\t\t\t<\/div>\n\t\t\t\t<\/div>\n\t\t\t\t\t<\/div>\n\t\t\t\t<\/div>\n\t\t<div class=\"elementor-element elementor-element-a00b3d5 e-flex e-con-boxed e-con e-parent\" data-id=\"a00b3d5\" data-element_type=\"container\" data-e-type=\"container\">\n\t\t\t\t\t<div class=\"e-con-inner\">\n\t\t<div class=\"elementor-element elementor-element-2d35256 e-con-full e-flex e-con e-child\" data-id=\"2d35256\" data-element_type=\"container\" data-e-type=\"container\">\n\t\t\t\t<div class=\"elementor-element elementor-element-601231c elementor-widget elementor-widget-image\" data-id=\"601231c\" data-element_type=\"widget\" data-e-type=\"widget\" data-widget_type=\"image.default\">\n\t\t\t\t<div class=\"elementor-widget-container\">\n\t\t\t\t\t\t\t\t\t\t\t\t\t\t\t<img decoding=\"async\" width=\"150\" height=\"150\" src=\"https:\/\/provipcard.com\/wp-content\/uploads\/2024\/10\/Qrcode-150x150.png\" class=\"attachment-thumbnail size-thumbnail wp-image-1113\" alt=\"\" srcset=\"https:\/\/provipcard.com\/wp-content\/uploads\/2024\/10\/Qrcode-150x150.png 150w, https:\/\/provipcard.com\/wp-content\/uploads\/2024\/10\/Qrcode-300x300.png 300w, https:\/\/provipcard.com\/wp-content\/uploads\/2024\/10\/Qrcode.png 400w\" sizes=\"(max-width: 150px) 100vw, 150px\" \/>\t\t\t\t\t\t\t\t\t\t\t\t\t\t\t<\/div>\n\t\t\t\t<\/div>\n\t\t\t\t<\/div>\n\t\t\t\t\t<\/div>\n\t\t\t\t<\/div>\n\t\t<div class=\"elementor-element elementor-element-b172402 e-flex e-con-boxed e-con e-parent\" data-id=\"b172402\" data-element_type=\"container\" data-e-type=\"container\">\n\t\t\t\t\t<div class=\"e-con-inner\">\n\t\t<div class=\"elementor-element elementor-element-544ba67 e-con-full e-flex e-con e-child\" data-id=\"544ba67\" data-element_type=\"container\" data-e-type=\"container\">\n\t\t\t\t<div class=\"elementor-element elementor-element-37a409e elementor-widget elementor-widget-heading\" data-id=\"37a409e\" data-element_type=\"widget\" data-e-type=\"widget\" data-widget_type=\"heading.default\">\n\t\t\t\t<div class=\"elementor-widget-container\">\n\t\t\t\t\t<h4 class=\"elementor-heading-title elementor-size-default\">The smartest way to share<\/h4>\t\t\t\t<\/div>\n\t\t\t\t<\/div>\n\t\t\t\t<\/div>\n\t\t\t\t\t<\/div>\n\t\t\t\t<\/div>\n\t\t<div class=\"elementor-element elementor-element-83b1c88 e-flex e-con-boxed e-con e-parent\" data-id=\"83b1c88\" data-element_type=\"container\" data-e-type=\"container\">\n\t\t\t\t\t<div class=\"e-con-inner\">\n\t\t<div class=\"elementor-element elementor-element-35d4c46 e-con-full e-flex e-con e-child\" data-id=\"35d4c46\" data-element_type=\"container\" data-e-type=\"container\">\n\t\t\t\t<div class=\"elementor-element elementor-element-2afcad2 elementor-widget elementor-widget-shortcode\" data-id=\"2afcad2\" data-element_type=\"widget\" data-e-type=\"widget\" data-widget_type=\"shortcode.default\">\n\t\t\t\t<div class=\"elementor-widget-container\">\n\t\t\t\t\t\t\t<div class=\"elementor-shortcode\"><div class=\"post-views content-post post-1080 entry-meta load-static\">\r\n\t\t\t\t<span class=\"post-views-icon dashicons dashicons-chart-bar\"><\/span> <span class=\"post-views-label\">Visitors:<\/span> <span class=\"post-views-count\">171<\/span>\r\n\t\t\t<\/div><\/div>\n\t\t\t\t\t\t<\/div>\n\t\t\t\t<\/div>\n\t\t\t\t<\/div>\n\t\t\t\t\t<\/div>\n\t\t\t\t<\/div>\n\t\t\t\t<\/div>","protected":false},"excerpt":{"rendered":"<p>David BalzacTech. de Aire Acondicionado y Refrigeraci\u00f3n Save contact Gu\u00e1rdame en sus contacto y as\u00ed poder dialogar alg\u00fan trabajo futuro. WhatsApp \u00bfNecesitas alguna cita de inmediato? Ponte en contacto en seguida! About me Establecer buenas relaciones con clientes atrav\u00e9z de un servicio de excelencia y profesionalismo. Busco ser la alternativa numero uno para las necesidades [&hellip;]<\/p>\n","protected":false},"author":1,"featured_media":0,"parent":0,"menu_order":0,"comment_status":"closed","ping_status":"closed","template":"","meta":{"site-sidebar-layout":"no-sidebar","site-content-layout":"page-builder","ast-site-content-layout":"full-width-container","site-content-style":"default","site-sidebar-style":"default","ast-global-header-display":"","ast-banner-title-visibility":"","ast-main-header-display":"","ast-hfb-above-header-display":"","ast-hfb-below-header-display":"","ast-hfb-mobile-header-display":"","site-post-title":"disabled","ast-breadcrumbs-content":"","ast-featured-img":"disabled","footer-sml-layout":"","ast-disable-related-posts":"","theme-transparent-header-meta":"","adv-header-id-meta":"","stick-header-meta":"","header-above-stick-meta":"","header-main-stick-meta":"","header-below-stick-meta":"","astra-migrate-meta-layouts":"set","ast-page-background-enabled":"default","ast-page-background-meta":{"desktop":{"background-color":"","background-image":"","background-repeat":"repeat","background-position":"center center","background-size":"auto","background-attachment":"scroll","background-type":"","background-media":"","overlay-type":"","overlay-color":"","overlay-opacity":"","overlay-gradient":""},"tablet":{"background-color":"","background-image":"","background-repeat":"repeat","background-position":"center center","background-size":"auto","background-attachment":"scroll","background-type":"","background-media":"","overlay-type":"","overlay-color":"","overlay-opacity":"","overlay-gradient":""},"mobile":{"background-color":"","background-image":"","background-repeat":"repeat","background-position":"center center","background-size":"auto","background-attachment":"scroll","background-type":"","background-media":"","overlay-type":"","overlay-color":"","overlay-opacity":"","overlay-gradient":""}},"ast-content-background-meta":{"desktop":{"background-color":"var(--ast-global-color-5)","background-image":"","background-repeat":"repeat","background-position":"center center","background-size":"auto","background-attachment":"scroll","background-type":"","background-media":"","overlay-type":"","overlay-color":"","overlay-opacity":"","overlay-gradient":""},"tablet":{"background-color":"var(--ast-global-color-5)","background-image":"","background-repeat":"repeat","background-position":"center center","background-size":"auto","background-attachment":"scroll","background-type":"","background-media":"","overlay-type":"","overlay-color":"","overlay-opacity":"","overlay-gradient":""},"mobile":{"background-color":"var(--ast-global-color-5)","background-image":"","background-repeat":"repeat","background-position":"center center","background-size":"auto","background-attachment":"scroll","background-type":"","background-media":"","overlay-type":"","overlay-color":"","overlay-opacity":"","overlay-gradient":""}},"footnotes":""},"class_list":["post-1080","page","type-page","status-publish","hentry"],"yoast_head":"<!-- This site is optimized with the Yoast SEO Premium plugin v22.1 (Yoast SEO v27.3) - https:\/\/yoast.com\/product\/yoast-seo-premium-wordpress\/ -->\n<title>David - SA<\/title>\n<meta name=\"robots\" content=\"index, follow, max-snippet:-1, max-image-preview:large, max-video-preview:-1\" \/>\n<link rel=\"canonical\" href=\"https:\/\/provipcard.com\/es\/davidsa\/\" \/>\n<meta property=\"og:locale\" content=\"es_ES\" \/>\n<meta property=\"og:type\" content=\"article\" \/>\n<meta property=\"og:title\" content=\"David - SA\" \/>\n<meta property=\"og:description\" content=\"David BalzacTech. de Aire Acondicionado y Refrigeraci\u00f3n Save contact Gu\u00e1rdame en sus contacto y as\u00ed poder dialogar alg\u00fan trabajo futuro. WhatsApp \u00bfNecesitas alguna cita de inmediato? Ponte en contacto en seguida! About me Establecer buenas relaciones con clientes atrav\u00e9z de un servicio de excelencia y profesionalismo. Busco ser la alternativa numero uno para las necesidades [&hellip;]\" \/>\n<meta property=\"og:url\" content=\"https:\/\/provipcard.com\/es\/davidsa\/\" \/>\n<meta property=\"og:site_name\" content=\"Pro Vip Card -\" \/>\n<meta property=\"article:modified_time\" content=\"2024-11-18T15:09:06+00:00\" \/>\n<meta property=\"og:image\" content=\"https:\/\/provipcard.com\/wp-content\/uploads\/2024\/08\/SnowARCS-NEWArts-complete-pattern11.png\" \/>\n\t<meta property=\"og:image:width\" content=\"1280\" \/>\n\t<meta property=\"og:image:height\" content=\"720\" \/>\n\t<meta property=\"og:image:type\" content=\"image\/png\" \/>\n<meta name=\"twitter:card\" content=\"summary_large_image\" \/>\n<meta name=\"twitter:label1\" content=\"Est. reading time\" \/>\n\t<meta name=\"twitter:data1\" content=\"1 minute\" \/>\n<script type=\"application\/ld+json\" class=\"yoast-schema-graph\">{\"@context\":\"https:\\\/\\\/schema.org\",\"@graph\":[{\"@type\":\"WebPage\",\"@id\":\"https:\\\/\\\/provipcard.com\\\/davidsa\\\/\",\"url\":\"https:\\\/\\\/provipcard.com\\\/davidsa\\\/\",\"name\":\"David - SA\",\"isPartOf\":{\"@id\":\"https:\\\/\\\/provipcard.com\\\/#website\"},\"primaryImageOfPage\":{\"@id\":\"https:\\\/\\\/provipcard.com\\\/davidsa\\\/#primaryimage\"},\"image\":{\"@id\":\"https:\\\/\\\/provipcard.com\\\/davidsa\\\/#primaryimage\"},\"thumbnailUrl\":\"https:\\\/\\\/provipcard.com\\\/wp-content\\\/uploads\\\/2024\\\/08\\\/SnowARCS-NEWArts-complete-pattern11-300x169.png\",\"datePublished\":\"2024-10-01T23:56:42+00:00\",\"dateModified\":\"2024-11-18T15:09:06+00:00\",\"breadcrumb\":{\"@id\":\"https:\\\/\\\/provipcard.com\\\/davidsa\\\/#breadcrumb\"},\"inLanguage\":\"es-VE\",\"potentialAction\":[{\"@type\":\"ReadAction\",\"target\":[\"https:\\\/\\\/provipcard.com\\\/davidsa\\\/\"]}]},{\"@type\":\"ImageObject\",\"inLanguage\":\"es-VE\",\"@id\":\"https:\\\/\\\/provipcard.com\\\/davidsa\\\/#primaryimage\",\"url\":\"https:\\\/\\\/provipcard.com\\\/wp-content\\\/uploads\\\/2024\\\/08\\\/SnowARCS-NEWArts-complete-pattern11-300x169.png\",\"contentUrl\":\"https:\\\/\\\/provipcard.com\\\/wp-content\\\/uploads\\\/2024\\\/08\\\/SnowARCS-NEWArts-complete-pattern11-300x169.png\"},{\"@type\":\"BreadcrumbList\",\"@id\":\"https:\\\/\\\/provipcard.com\\\/davidsa\\\/#breadcrumb\",\"itemListElement\":[{\"@type\":\"ListItem\",\"position\":1,\"name\":\"Home\",\"item\":\"https:\\\/\\\/provipcard.com\\\/\"},{\"@type\":\"ListItem\",\"position\":2,\"name\":\"David &#8211; SA\"}]},{\"@type\":\"WebSite\",\"@id\":\"https:\\\/\\\/provipcard.com\\\/#website\",\"url\":\"https:\\\/\\\/provipcard.com\\\/\",\"name\":\"Pro Vip Card\",\"description\":\"Card Design VCF\",\"potentialAction\":[{\"@type\":\"SearchAction\",\"target\":{\"@type\":\"EntryPoint\",\"urlTemplate\":\"https:\\\/\\\/provipcard.com\\\/?s={search_term_string}\"},\"query-input\":{\"@type\":\"PropertyValueSpecification\",\"valueRequired\":true,\"valueName\":\"search_term_string\"}}],\"inLanguage\":\"es-VE\"}]}<\/script>\n<!-- \/ Yoast SEO Premium plugin. -->","yoast_head_json":{"title":"David - SA","robots":{"index":"index","follow":"follow","max-snippet":"max-snippet:-1","max-image-preview":"max-image-preview:large","max-video-preview":"max-video-preview:-1"},"canonical":"https:\/\/provipcard.com\/es\/davidsa\/","og_locale":"es_ES","og_type":"article","og_title":"David - SA","og_description":"David BalzacTech. de Aire Acondicionado y Refrigeraci\u00f3n Save contact Gu\u00e1rdame en sus contacto y as\u00ed poder dialogar alg\u00fan trabajo futuro. WhatsApp \u00bfNecesitas alguna cita de inmediato? Ponte en contacto en seguida! About me Establecer buenas relaciones con clientes atrav\u00e9z de un servicio de excelencia y profesionalismo. Busco ser la alternativa numero uno para las necesidades [&hellip;]","og_url":"https:\/\/provipcard.com\/es\/davidsa\/","og_site_name":"Pro Vip Card -","article_modified_time":"2024-11-18T15:09:06+00:00","og_image":[{"width":1280,"height":720,"url":"https:\/\/provipcard.com\/wp-content\/uploads\/2024\/08\/SnowARCS-NEWArts-complete-pattern11.png","type":"image\/png"}],"twitter_card":"summary_large_image","twitter_misc":{"Est. reading time":"1 minute"},"schema":{"@context":"https:\/\/schema.org","@graph":[{"@type":"WebPage","@id":"https:\/\/provipcard.com\/davidsa\/","url":"https:\/\/provipcard.com\/davidsa\/","name":"David - SA","isPartOf":{"@id":"https:\/\/provipcard.com\/#website"},"primaryImageOfPage":{"@id":"https:\/\/provipcard.com\/davidsa\/#primaryimage"},"image":{"@id":"https:\/\/provipcard.com\/davidsa\/#primaryimage"},"thumbnailUrl":"https:\/\/provipcard.com\/wp-content\/uploads\/2024\/08\/SnowARCS-NEWArts-complete-pattern11-300x169.png","datePublished":"2024-10-01T23:56:42+00:00","dateModified":"2024-11-18T15:09:06+00:00","breadcrumb":{"@id":"https:\/\/provipcard.com\/davidsa\/#breadcrumb"},"inLanguage":"es-VE","potentialAction":[{"@type":"ReadAction","target":["https:\/\/provipcard.com\/davidsa\/"]}]},{"@type":"ImageObject","inLanguage":"es-VE","@id":"https:\/\/provipcard.com\/davidsa\/#primaryimage","url":"https:\/\/provipcard.com\/wp-content\/uploads\/2024\/08\/SnowARCS-NEWArts-complete-pattern11-300x169.png","contentUrl":"https:\/\/provipcard.com\/wp-content\/uploads\/2024\/08\/SnowARCS-NEWArts-complete-pattern11-300x169.png"},{"@type":"BreadcrumbList","@id":"https:\/\/provipcard.com\/davidsa\/#breadcrumb","itemListElement":[{"@type":"ListItem","position":1,"name":"Home","item":"https:\/\/provipcard.com\/"},{"@type":"ListItem","position":2,"name":"David &#8211; SA"}]},{"@type":"WebSite","@id":"https:\/\/provipcard.com\/#website","url":"https:\/\/provipcard.com\/","name":"Pro Vip Card","description":"Card Design VCF","potentialAction":[{"@type":"SearchAction","target":{"@type":"EntryPoint","urlTemplate":"https:\/\/provipcard.com\/?s={search_term_string}"},"query-input":{"@type":"PropertyValueSpecification","valueRequired":true,"valueName":"search_term_string"}}],"inLanguage":"es-VE"}]}},"_links":{"self":[{"href":"https:\/\/provipcard.com\/es\/wp-json\/wp\/v2\/pages\/1080","targetHints":{"allow":["GET"]}}],"collection":[{"href":"https:\/\/provipcard.com\/es\/wp-json\/wp\/v2\/pages"}],"about":[{"href":"https:\/\/provipcard.com\/es\/wp-json\/wp\/v2\/types\/page"}],"author":[{"embeddable":true,"href":"https:\/\/provipcard.com\/es\/wp-json\/wp\/v2\/users\/1"}],"replies":[{"embeddable":true,"href":"https:\/\/provipcard.com\/es\/wp-json\/wp\/v2\/comments?post=1080"}],"version-history":[{"count":65,"href":"https:\/\/provipcard.com\/es\/wp-json\/wp\/v2\/pages\/1080\/revisions"}],"predecessor-version":[{"id":1302,"href":"https:\/\/provipcard.com\/es\/wp-json\/wp\/v2\/pages\/1080\/revisions\/1302"}],"wp:attachment":[{"href":"https:\/\/provipcard.com\/es\/wp-json\/wp\/v2\/media?parent=1080"}],"curies":[{"name":"wp","href":"https:\/\/api.w.org\/{rel}","templated":true}]}}