{"id":1019,"date":"2024-09-25T23:58:43","date_gmt":"2024-09-25T23:58:43","guid":{"rendered":"https:\/\/provipcard.com\/?page_id=1019"},"modified":"2024-10-01T00:09:54","modified_gmt":"2024-10-01T00:09:54","slug":"uma","status":"publish","type":"page","link":"https:\/\/provipcard.com\/es\/uma\/","title":{"rendered":"U Association"},"content":{"rendered":"<div data-elementor-type=\"wp-page\" data-elementor-id=\"1019\" class=\"elementor elementor-1019\" data-elementor-post-type=\"page\">\n\t\t\t\t<div class=\"elementor-element elementor-element-4198a9e e-flex e-con-boxed e-con e-parent\" data-id=\"4198a9e\" data-element_type=\"container\" data-e-type=\"container\">\n\t\t\t\t\t<div class=\"e-con-inner\">\n\t\t<div class=\"elementor-element elementor-element-077bae0 e-con-full e-flex e-con e-child\" data-id=\"077bae0\" data-element_type=\"container\" data-e-type=\"container\">\n\t\t\t\t<div class=\"elementor-element elementor-element-1e1ba23 elementor-widget elementor-widget-image\" data-id=\"1e1ba23\" data-element_type=\"widget\" data-e-type=\"widget\" data-widget_type=\"image.default\">\n\t\t\t\t<div class=\"elementor-widget-container\">\n\t\t\t\t\t\t\t\t\t\t\t\t\t\t\t<img fetchpriority=\"high\" decoding=\"async\" width=\"300\" height=\"254\" src=\"https:\/\/provipcard.com\/wp-content\/uploads\/2024\/09\/umbrella-asso-ico-300x254.png\" class=\"attachment-medium size-medium wp-image-1022\" alt=\"\" srcset=\"https:\/\/provipcard.com\/wp-content\/uploads\/2024\/09\/umbrella-asso-ico-300x254.png 300w, https:\/\/provipcard.com\/wp-content\/uploads\/2024\/09\/umbrella-asso-ico.png 350w\" sizes=\"(max-width: 300px) 100vw, 300px\" \/>\t\t\t\t\t\t\t\t\t\t\t\t\t\t\t<\/div>\n\t\t\t\t<\/div>\n\t\t\t\t<\/div>\n\t\t<div class=\"elementor-element elementor-element-8101400 e-con-full e-flex e-con e-child\" data-id=\"8101400\" data-element_type=\"container\" data-e-type=\"container\">\n\t\t<div class=\"elementor-element elementor-element-3448440 e-con-full e-flex e-con e-child\" data-id=\"3448440\" data-element_type=\"container\" data-e-type=\"container\">\n\t\t\t\t<div class=\"elementor-element elementor-element-40041a0 elementor-widget elementor-widget-heading\" data-id=\"40041a0\" data-element_type=\"widget\" data-e-type=\"widget\" data-widget_type=\"heading.default\">\n\t\t\t\t<div class=\"elementor-widget-container\">\n\t\t\t\t\t<h2 class=\"elementor-heading-title elementor-size-default\">Tu directorio de <\/h2>\t\t\t\t<\/div>\n\t\t\t\t<\/div>\n\t\t\t\t<div class=\"elementor-element elementor-element-828f31d elementor-widget elementor-widget-heading\" data-id=\"828f31d\" data-element_type=\"widget\" data-e-type=\"widget\" data-widget_type=\"heading.default\">\n\t\t\t\t<div class=\"elementor-widget-container\">\n\t\t\t\t\t<h4 class=\"elementor-heading-title elementor-size-default\">Servicios Profesionales<\/h4>\t\t\t\t<\/div>\n\t\t\t\t<\/div>\n\t\t\t\t<\/div>\n\t\t\t\t<\/div>\n\t\t\t\t\t<\/div>\n\t\t\t\t<\/div>\n\t\t<div class=\"elementor-element elementor-element-2e3579b e-flex e-con-boxed e-con e-parent\" data-id=\"2e3579b\" data-element_type=\"container\" data-e-type=\"container\">\n\t\t\t\t\t<div class=\"e-con-inner\">\n\t\t<div class=\"elementor-element elementor-element-2662d4a e-con-full e-flex e-con e-child\" data-id=\"2662d4a\" data-element_type=\"container\" data-e-type=\"container\">\n\t\t\t\t<div class=\"elementor-element elementor-element-85cba2f elementor-search-form--skin-classic elementor-search-form--button-type-icon elementor-search-form--icon-search elementor-widget elementor-widget-search-form\" data-id=\"85cba2f\" data-element_type=\"widget\" data-e-type=\"widget\" data-settings=\"{&quot;skin&quot;:&quot;classic&quot;}\" data-widget_type=\"search-form.default\">\n\t\t\t\t<div class=\"elementor-widget-container\">\n\t\t\t\t\t\t\t<search role=\"search\">\n\t\t\t<form class=\"elementor-search-form\" action=\"https:\/\/provipcard.com\/es\/\" method=\"get\" data-trp-original-action=\"https:\/\/provipcard.com\/es\">\n\t\t\t\t\t\t\t\t\t\t\t\t<div class=\"elementor-search-form__container\">\n\t\t\t\t\t<label class=\"elementor-screen-only\" for=\"elementor-search-form-85cba2f\">Search<\/label>\n\n\t\t\t\t\t\n\t\t\t\t\t<input id=\"elementor-search-form-85cba2f\" placeholder=\"Search...\" class=\"elementor-search-form__input\" type=\"search\" name=\"s\" value=\"\">\n\t\t\t\t\t\n\t\t\t\t\t\t\t\t\t\t\t<button class=\"elementor-search-form__submit\" type=\"submit\" aria-label=\"Search\">\n\t\t\t\t\t\t\t\t\t\t\t\t\t\t\t<div class=\"e-font-icon-svg-container\"><svg class=\"fa fa-search e-font-icon-svg e-fas-search\" viewbox=\"0 0 512 512\" xmlns=\"http:\/\/www.w3.org\/2000\/svg\"><path d=\"M505 442.7L405.3 343c-4.5-4.5-10.6-7-17-7H372c27.6-35.3 44-79.7 44-128C416 93.1 322.9 0 208 0S0 93.1 0 208s93.1 208 208 208c48.3 0 92.7-16.4 128-44v16.3c0 6.4 2.5 12.5 7 17l99.7 99.7c9.4 9.4 24.6 9.4 33.9 0l28.3-28.3c9.4-9.4 9.4-24.6.1-34zM208 336c-70.7 0-128-57.2-128-128 0-70.7 57.2-128 128-128 70.7 0 128 57.2 128 128 0 70.7-57.2 128-128 128z\"><\/path><\/svg><\/div>\t\t\t\t\t\t\t\t\t\t\t\t\t<\/button>\n\t\t\t\t\t\n\t\t\t\t\t\t\t\t\t<\/div>\n\t\t\t<input type=\"hidden\" name=\"trp-form-language\" value=\"es\"\/><\/form>\n\t\t<\/search>\n\t\t\t\t\t\t<\/div>\n\t\t\t\t<\/div>\n\t\t\t\t<div class=\"elementor-element elementor-element-4ea759f elementor-widget elementor-widget-text-editor\" data-id=\"4ea759f\" data-element_type=\"widget\" data-e-type=\"widget\" data-widget_type=\"text-editor.default\">\n\t\t\t\t<div class=\"elementor-widget-container\">\n\t\t\t\t\t\t\t\t\t<p style=\"text-align: center;\">escriba el nombre del servicio que busca<br \/>ej; refrigeraci\u00f3n, electricista<\/p>\t\t\t\t\t\t\t\t<\/div>\n\t\t\t\t<\/div>\n\t\t\t\t<\/div>\n\t\t\t\t\t<\/div>\n\t\t\t\t<\/div>\n\t\t<div class=\"elementor-element elementor-element-a622c4c e-grid e-con-boxed e-con e-parent\" data-id=\"a622c4c\" data-element_type=\"container\" data-e-type=\"container\">\n\t\t\t\t\t<div class=\"e-con-inner\">\n\t\t\t\t<div class=\"elementor-element elementor-element-9ad640e elementor-widget elementor-widget-text-editor\" data-id=\"9ad640e\" data-element_type=\"widget\" data-e-type=\"widget\" data-widget_type=\"text-editor.default\">\n\t\t\t\t<div class=\"elementor-widget-container\">\n\t\t\t\t\t\t\t\t\t<h6 style=\"text-align: center;\">Daniel Nieves<br \/><strong>Snow Arcs<\/strong><br \/><a href=\"https:\/\/ProVipCard.com\/snowarcs\">Tech. de Aires y Refrigeraci\u00f3n<\/a><\/h6>\t\t\t\t\t\t\t\t<\/div>\n\t\t\t\t<\/div>\n\t\t\t\t<div class=\"elementor-element elementor-element-7cdb17b elementor-widget elementor-widget-text-editor\" data-id=\"7cdb17b\" data-element_type=\"widget\" data-e-type=\"widget\" data-widget_type=\"text-editor.default\">\n\t\t\t\t<div class=\"elementor-widget-container\">\n\t\t\t\t\t\t\t\t\t<h6 style=\"text-align: center;\">Omar Maldonado<br \/><strong>Metrikka<\/strong><br \/><a href=\"https:\/\/ProVipCard.com\/metrikka\">Ingeniero en iluminaci\u00f3n<\/a><\/h6>\t\t\t\t\t\t\t\t<\/div>\n\t\t\t\t<\/div>\n\t\t\t\t<div class=\"elementor-element elementor-element-eb5cb01 elementor-widget elementor-widget-text-editor\" data-id=\"eb5cb01\" data-element_type=\"widget\" data-e-type=\"widget\" data-widget_type=\"text-editor.default\">\n\t\t\t\t<div class=\"elementor-widget-container\">\n\t\t\t\t\t\t\t\t\t<h6 style=\"text-align: center;\">H\u00e9ctor Rivera<br \/><strong>High Voltage<\/strong><br \/><a href=\"https:\/\/ProVipCard.com\/highvoltage\">Perito Electricista<\/a><\/h6>\t\t\t\t\t\t\t\t<\/div>\n\t\t\t\t<\/div>\n\t\t\t\t<div class=\"elementor-element elementor-element-4c813d9 elementor-widget elementor-widget-text-editor\" data-id=\"4c813d9\" data-element_type=\"widget\" data-e-type=\"widget\" data-widget_type=\"text-editor.default\">\n\t\t\t\t<div class=\"elementor-widget-container\">\n\t\t\t\t\t\t\t\t\t<h6 style=\"text-align: center;\">Allen L\u00f3pez<br \/><strong>Black Gypsum Design<\/strong><br \/><a href=\"https:\/\/ProVipCard.com\/blackgypsumdesign\">Gypsum Board<\/a><\/h6>\t\t\t\t\t\t\t\t<\/div>\n\t\t\t\t<\/div>\n\t\t\t\t<div class=\"elementor-element elementor-element-0e10351 elementor-widget elementor-widget-text-editor\" data-id=\"0e10351\" data-element_type=\"widget\" data-e-type=\"widget\" data-widget_type=\"text-editor.default\">\n\t\t\t\t<div class=\"elementor-widget-container\">\n\t\t\t\t\t\t\t\t\t<h6 style=\"text-align: center;\">Elvis Cabrera<br \/><strong>ECP Plumbing<\/strong><br \/><a href=\"https:\/\/ProVipCard.com\/ecp\">Plomero<\/a><\/h6>\t\t\t\t\t\t\t\t<\/div>\n\t\t\t\t<\/div>\n\t\t\t\t<div class=\"elementor-element elementor-element-d7f316c elementor-widget elementor-widget-text-editor\" data-id=\"d7f316c\" data-element_type=\"widget\" data-e-type=\"widget\" data-widget_type=\"text-editor.default\">\n\t\t\t\t<div class=\"elementor-widget-container\">\n\t\t\t\t\t\t\t\t\t<h6 style=\"text-align: center;\">David Balsac<br \/><strong>Snow Arcs<\/strong><br \/><a href=\"https:\/\/ProVipCard.com\/davidsa\">Tech. de Aires y Refrigeraci\u00f3n<\/a><\/h6>\t\t\t\t\t\t\t\t<\/div>\n\t\t\t\t<\/div>\n\t\t\t\t<div class=\"elementor-element elementor-element-a8b8286 elementor-widget elementor-widget-text-editor\" data-id=\"a8b8286\" data-element_type=\"widget\" data-e-type=\"widget\" data-widget_type=\"text-editor.default\">\n\t\t\t\t<div class=\"elementor-widget-container\">\n\t\t\t\t\t\t\t\t\t<h6 style=\"text-align: center;\">Alfredo Rosario<br \/><strong>ERsolution<\/strong><br \/><a href=\"https:\/\/ProVipCard.com\/alfredometrikka\">Electricista<\/a><\/h6>\t\t\t\t\t\t\t\t<\/div>\n\t\t\t\t<\/div>\n\t\t\t\t<div class=\"elementor-element elementor-element-1453066 elementor-widget elementor-widget-text-editor\" data-id=\"1453066\" data-element_type=\"widget\" data-e-type=\"widget\" data-widget_type=\"text-editor.default\">\n\t\t\t\t<div class=\"elementor-widget-container\">\n\t\t\t\t\t\t\t\t\t<h6 style=\"text-align: center;\">Jean Carlos<br \/><strong>JCStyle<\/strong><br \/><a href=\"https:\/\/ProVipCard.com\/jcsastre\">Sastre<\/a><\/h6>\t\t\t\t\t\t\t\t<\/div>\n\t\t\t\t<\/div>\n\t\t\t\t\t<\/div>\n\t\t\t\t<\/div>\n\t\t\t\t<\/div>","protected":false},"excerpt":{"rendered":"<p>Tu directorio de Servicios Profesionales escriba el nombre del servicio que buscaej; refrigeraci\u00f3n, electricista Daniel NievesSnow ArcsTech. de Aires y Refrigeraci\u00f3n Omar MaldonadoMetrikkaIngeniero en iluminaci\u00f3n H\u00e9ctor RiveraHigh VoltagePerito Electricista Allen L\u00f3pezBlack Gypsum DesignGypsum Board Elvis CabreraECP PlumbingPlomero David BalsacSnow ArcsTech. de Aires y Refrigeraci\u00f3n Alfredo RosarioERsolutionElectricista Jean CarlosJCStyleSastre<\/p>","protected":false},"author":1,"featured_media":0,"parent":0,"menu_order":0,"comment_status":"closed","ping_status":"closed","template":"","meta":{"site-sidebar-layout":"no-sidebar","site-content-layout":"page-builder","ast-site-content-layout":"full-width-container","site-content-style":"default","site-sidebar-style":"default","ast-global-header-display":"","ast-banner-title-visibility":"","ast-main-header-display":"","ast-hfb-above-header-display":"","ast-hfb-below-header-display":"","ast-hfb-mobile-header-display":"","site-post-title":"disabled","ast-breadcrumbs-content":"","ast-featured-img":"disabled","footer-sml-layout":"","ast-disable-related-posts":"","theme-transparent-header-meta":"","adv-header-id-meta":"","stick-header-meta":"","header-above-stick-meta":"","header-main-stick-meta":"","header-below-stick-meta":"","astra-migrate-meta-layouts":"set","ast-page-background-enabled":"default","ast-page-background-meta":{"desktop":{"background-color":"","background-image":"","background-repeat":"repeat","background-position":"center center","background-size":"auto","background-attachment":"scroll","background-type":"","background-media":"","overlay-type":"","overlay-color":"","overlay-opacity":"","overlay-gradient":""},"tablet":{"background-color":"","background-image":"","background-repeat":"repeat","background-position":"center center","background-size":"auto","background-attachment":"scroll","background-type":"","background-media":"","overlay-type":"","overlay-color":"","overlay-opacity":"","overlay-gradient":""},"mobile":{"background-color":"","background-image":"","background-repeat":"repeat","background-position":"center center","background-size":"auto","background-attachment":"scroll","background-type":"","background-media":"","overlay-type":"","overlay-color":"","overlay-opacity":"","overlay-gradient":""}},"ast-content-background-meta":{"desktop":{"background-color":"var(--ast-global-color-5)","background-image":"","background-repeat":"repeat","background-position":"center center","background-size":"auto","background-attachment":"scroll","background-type":"","background-media":"","overlay-type":"","overlay-color":"","overlay-opacity":"","overlay-gradient":""},"tablet":{"background-color":"var(--ast-global-color-5)","background-image":"","background-repeat":"repeat","background-position":"center center","background-size":"auto","background-attachment":"scroll","background-type":"","background-media":"","overlay-type":"","overlay-color":"","overlay-opacity":"","overlay-gradient":""},"mobile":{"background-color":"var(--ast-global-color-5)","background-image":"","background-repeat":"repeat","background-position":"center center","background-size":"auto","background-attachment":"scroll","background-type":"","background-media":"","overlay-type":"","overlay-color":"","overlay-opacity":"","overlay-gradient":""}},"footnotes":""},"class_list":["post-1019","page","type-page","status-publish","hentry"],"yoast_head":"<!-- This site is optimized with the Yoast SEO Premium plugin v22.1 (Yoast SEO v27.3) - https:\/\/yoast.com\/product\/yoast-seo-premium-wordpress\/ -->\n<title>U Association - Pro Vip Card -<\/title>\n<meta name=\"robots\" content=\"index, follow, max-snippet:-1, max-image-preview:large, max-video-preview:-1\" \/>\n<link rel=\"canonical\" href=\"https:\/\/provipcard.com\/es\/uma\/\" \/>\n<meta property=\"og:locale\" content=\"es_ES\" \/>\n<meta property=\"og:type\" content=\"article\" \/>\n<meta property=\"og:title\" content=\"U Association\" \/>\n<meta property=\"og:description\" content=\"Tu directorio de Servicios Profesionales escriba el nombre del servicio que buscaej; refrigeraci\u00f3n, electricista Daniel NievesSnow ArcsTech. de Aires y Refrigeraci\u00f3n Omar MaldonadoMetrikkaIngeniero en iluminaci\u00f3n H\u00e9ctor RiveraHigh VoltagePerito Electricista Allen L\u00f3pezBlack Gypsum DesignGypsum Board Elvis CabreraECP PlumbingPlomero David BalsacSnow ArcsTech. de Aires y Refrigeraci\u00f3n Alfredo RosarioERsolutionElectricista Jean CarlosJCStyleSastre\" \/>\n<meta property=\"og:url\" content=\"https:\/\/provipcard.com\/es\/uma\/\" \/>\n<meta property=\"og:site_name\" content=\"Pro Vip Card -\" \/>\n<meta property=\"article:modified_time\" content=\"2024-10-01T00:09:54+00:00\" \/>\n<meta property=\"og:image\" content=\"https:\/\/provipcard.com\/wp-content\/uploads\/2024\/09\/umbrella-asso-ico.png\" \/>\n\t<meta property=\"og:image:width\" content=\"350\" \/>\n\t<meta property=\"og:image:height\" content=\"296\" \/>\n\t<meta property=\"og:image:type\" content=\"image\/png\" \/>\n<meta name=\"twitter:card\" content=\"summary_large_image\" \/>\n<meta name=\"twitter:label1\" content=\"Est. reading time\" \/>\n\t<meta name=\"twitter:data1\" content=\"1 minute\" \/>\n<script type=\"application\/ld+json\" class=\"yoast-schema-graph\">{\"@context\":\"https:\\\/\\\/schema.org\",\"@graph\":[{\"@type\":\"WebPage\",\"@id\":\"https:\\\/\\\/provipcard.com\\\/uma\\\/\",\"url\":\"https:\\\/\\\/provipcard.com\\\/uma\\\/\",\"name\":\"U Association - Pro Vip Card -\",\"isPartOf\":{\"@id\":\"https:\\\/\\\/provipcard.com\\\/#website\"},\"primaryImageOfPage\":{\"@id\":\"https:\\\/\\\/provipcard.com\\\/uma\\\/#primaryimage\"},\"image\":{\"@id\":\"https:\\\/\\\/provipcard.com\\\/uma\\\/#primaryimage\"},\"thumbnailUrl\":\"https:\\\/\\\/provipcard.com\\\/wp-content\\\/uploads\\\/2024\\\/09\\\/umbrella-asso-ico-300x254.png\",\"datePublished\":\"2024-09-25T23:58:43+00:00\",\"dateModified\":\"2024-10-01T00:09:54+00:00\",\"breadcrumb\":{\"@id\":\"https:\\\/\\\/provipcard.com\\\/uma\\\/#breadcrumb\"},\"inLanguage\":\"es-VE\",\"potentialAction\":[{\"@type\":\"ReadAction\",\"target\":[\"https:\\\/\\\/provipcard.com\\\/uma\\\/\"]}]},{\"@type\":\"ImageObject\",\"inLanguage\":\"es-VE\",\"@id\":\"https:\\\/\\\/provipcard.com\\\/uma\\\/#primaryimage\",\"url\":\"https:\\\/\\\/provipcard.com\\\/wp-content\\\/uploads\\\/2024\\\/09\\\/umbrella-asso-ico-300x254.png\",\"contentUrl\":\"https:\\\/\\\/provipcard.com\\\/wp-content\\\/uploads\\\/2024\\\/09\\\/umbrella-asso-ico-300x254.png\"},{\"@type\":\"BreadcrumbList\",\"@id\":\"https:\\\/\\\/provipcard.com\\\/uma\\\/#breadcrumb\",\"itemListElement\":[{\"@type\":\"ListItem\",\"position\":1,\"name\":\"Home\",\"item\":\"https:\\\/\\\/provipcard.com\\\/\"},{\"@type\":\"ListItem\",\"position\":2,\"name\":\"U Association\"}]},{\"@type\":\"WebSite\",\"@id\":\"https:\\\/\\\/provipcard.com\\\/#website\",\"url\":\"https:\\\/\\\/provipcard.com\\\/\",\"name\":\"Pro Vip Card\",\"description\":\"Card Design VCF\",\"potentialAction\":[{\"@type\":\"SearchAction\",\"target\":{\"@type\":\"EntryPoint\",\"urlTemplate\":\"https:\\\/\\\/provipcard.com\\\/?s={search_term_string}\"},\"query-input\":{\"@type\":\"PropertyValueSpecification\",\"valueRequired\":true,\"valueName\":\"search_term_string\"}}],\"inLanguage\":\"es-VE\"}]}<\/script>\n<!-- \/ Yoast SEO Premium plugin. -->","yoast_head_json":{"title":"U Association - Pro Vip Card -","robots":{"index":"index","follow":"follow","max-snippet":"max-snippet:-1","max-image-preview":"max-image-preview:large","max-video-preview":"max-video-preview:-1"},"canonical":"https:\/\/provipcard.com\/es\/uma\/","og_locale":"es_ES","og_type":"article","og_title":"U Association","og_description":"Tu directorio de Servicios Profesionales escriba el nombre del servicio que buscaej; refrigeraci\u00f3n, electricista Daniel NievesSnow ArcsTech. de Aires y Refrigeraci\u00f3n Omar MaldonadoMetrikkaIngeniero en iluminaci\u00f3n H\u00e9ctor RiveraHigh VoltagePerito Electricista Allen L\u00f3pezBlack Gypsum DesignGypsum Board Elvis CabreraECP PlumbingPlomero David BalsacSnow ArcsTech. de Aires y Refrigeraci\u00f3n Alfredo RosarioERsolutionElectricista Jean CarlosJCStyleSastre","og_url":"https:\/\/provipcard.com\/es\/uma\/","og_site_name":"Pro Vip Card -","article_modified_time":"2024-10-01T00:09:54+00:00","og_image":[{"width":350,"height":296,"url":"https:\/\/provipcard.com\/wp-content\/uploads\/2024\/09\/umbrella-asso-ico.png","type":"image\/png"}],"twitter_card":"summary_large_image","twitter_misc":{"Est. reading time":"1 minute"},"schema":{"@context":"https:\/\/schema.org","@graph":[{"@type":"WebPage","@id":"https:\/\/provipcard.com\/uma\/","url":"https:\/\/provipcard.com\/uma\/","name":"U Association - Pro Vip Card -","isPartOf":{"@id":"https:\/\/provipcard.com\/#website"},"primaryImageOfPage":{"@id":"https:\/\/provipcard.com\/uma\/#primaryimage"},"image":{"@id":"https:\/\/provipcard.com\/uma\/#primaryimage"},"thumbnailUrl":"https:\/\/provipcard.com\/wp-content\/uploads\/2024\/09\/umbrella-asso-ico-300x254.png","datePublished":"2024-09-25T23:58:43+00:00","dateModified":"2024-10-01T00:09:54+00:00","breadcrumb":{"@id":"https:\/\/provipcard.com\/uma\/#breadcrumb"},"inLanguage":"es-VE","potentialAction":[{"@type":"ReadAction","target":["https:\/\/provipcard.com\/uma\/"]}]},{"@type":"ImageObject","inLanguage":"es-VE","@id":"https:\/\/provipcard.com\/uma\/#primaryimage","url":"https:\/\/provipcard.com\/wp-content\/uploads\/2024\/09\/umbrella-asso-ico-300x254.png","contentUrl":"https:\/\/provipcard.com\/wp-content\/uploads\/2024\/09\/umbrella-asso-ico-300x254.png"},{"@type":"BreadcrumbList","@id":"https:\/\/provipcard.com\/uma\/#breadcrumb","itemListElement":[{"@type":"ListItem","position":1,"name":"Home","item":"https:\/\/provipcard.com\/"},{"@type":"ListItem","position":2,"name":"U Association"}]},{"@type":"WebSite","@id":"https:\/\/provipcard.com\/#website","url":"https:\/\/provipcard.com\/","name":"Pro Vip Card","description":"Card Design VCF","potentialAction":[{"@type":"SearchAction","target":{"@type":"EntryPoint","urlTemplate":"https:\/\/provipcard.com\/?s={search_term_string}"},"query-input":{"@type":"PropertyValueSpecification","valueRequired":true,"valueName":"search_term_string"}}],"inLanguage":"es-VE"}]}},"_links":{"self":[{"href":"https:\/\/provipcard.com\/es\/wp-json\/wp\/v2\/pages\/1019","targetHints":{"allow":["GET"]}}],"collection":[{"href":"https:\/\/provipcard.com\/es\/wp-json\/wp\/v2\/pages"}],"about":[{"href":"https:\/\/provipcard.com\/es\/wp-json\/wp\/v2\/types\/page"}],"author":[{"embeddable":true,"href":"https:\/\/provipcard.com\/es\/wp-json\/wp\/v2\/users\/1"}],"replies":[{"embeddable":true,"href":"https:\/\/provipcard.com\/es\/wp-json\/wp\/v2\/comments?post=1019"}],"version-history":[{"count":52,"href":"https:\/\/provipcard.com\/es\/wp-json\/wp\/v2\/pages\/1019\/revisions"}],"predecessor-version":[{"id":1076,"href":"https:\/\/provipcard.com\/es\/wp-json\/wp\/v2\/pages\/1019\/revisions\/1076"}],"wp:attachment":[{"href":"https:\/\/provipcard.com\/es\/wp-json\/wp\/v2\/media?parent=1019"}],"curies":[{"name":"wp","href":"https:\/\/api.w.org\/{rel}","templated":true}]}}